{"id":198,"date":"2020-10-17T08:45:40","date_gmt":"2020-10-17T08:45:40","guid":{"rendered":"https:\/\/nuts-machine.com\/?page_id=198"},"modified":"2025-09-15T18:18:29","modified_gmt":"2025-09-15T10:18:29","slug":"about-us","status":"publish","type":"page","link":"https:\/\/nuts-machine.com\/sw\/about-us\/","title":{"rendered":"Om Oss"},"content":{"rendered":"<div data-elementor-type=\"wp-page\" data-elementor-id=\"198\" class=\"elementor elementor-198\" data-elementor-post-type=\"page\"> \t\t\t\t\t\t<section class=\"elementor-section elementor-top-section elementor-element elementor-element-485cc05c elementor-section-boxed elementor-section-height-default elementor-section-height-default\" data-id=\"485cc05c\" data-element_type=\"section\" data-e-type=\"section\"> \t\t\t\t\t\t<div class=\"elementor-container elementor-column-gap-default\"> \t\t\t\t\t<div class=\"elementor-column elementor-col-100 elementor-top-column elementor-element elementor-element-1e6d913\" data-id=\"1e6d913\" data-element_type=\"column\" data-e-type=\"column\"> \t\t\t<div class=\"elementor-widget-wrap elementor-element-populated\"> \t\t\t\t\t\t<div class=\"elementor-element elementor-element-70b05311 elementor-widget elementor-widget-text-editor\" data-id=\"70b05311\" data-element_type=\"widget\" data-e-type=\"widget\" data-widget_type=\"text-editor.default\"> \t\t\t\t\t\t\t\t\t <div class=\"wp-block-image\"> <figure class=\"aligncenter size-large\"><img fetchpriority=\"high\" decoding=\"async\" width=\"491\" height=\"220\" class=\"wp-image-308\" src=\"https:\/\/nuts-machine.com\/wp-content\/uploads\/2020\/10\/123.jpg\" alt=\"\" srcset=\"https:\/\/nuts-machine.com\/wp-content\/uploads\/2020\/10\/123.jpg 491w, https:\/\/nuts-machine.com\/wp-content\/uploads\/2020\/10\/123-300x134.jpg 300w\" sizes=\"(max-width: 491px) 100vw, 491px\" \/><\/figure> <\/div> <p>Karibu Zhengzhou Taizy Machinery Equipment Co., Ltd.! Sisi ni mtoa huduma wa kimataifa anayeongoza wa mashine maalum na suluhisho zenye muafaka kwa tasnia ya usindikaji wa karanga, tukijitolea kuleta ubunifu na ufanisi kwa biashara yako.<\/p> <p>Taizy ni msambazaji mkuu wa chakula. Tunachukua urithi wa kampuni yetu mama wa miaka zaidi ya kumi wa ubora wa utengenezaji na mtazamo wa kimataifa, na kupeleka utaalamu huu moja kwa moja kwenye uwanja maalum wa usindikaji wa karanga. Lengo letu ni kutoa wateja duniani kote suluhisho kamili, kutoka shambani hadi rafu.<\/p> <p>Dhamira yetu ni: \u201cKuinua thamani ya kila karanga kupitia teknolojia bora ya usindikaji wa chakula.\u201d<\/p> <p>Kuanzia karanga za mundu na almondi hadi cashew na walnut, mistari yetu ya bidhaa inafunika mtiririko mzima wa usindikaji: kufungua maganda, kuchoma, kukoboa, kunyunyiza, kukata kwa vipande, kuongeza viungo, na kufunga. Sisi sio tu tunatoa mashine binafsi zenye ufanisi wa juu bali pia tumejikita katika kubuni mistari ya uzalishaji otomatiki iliyobinafsishwa kulingana na uwezo wako maalum na mahitaji ya usindikaji, kuhakikisha bidhaa zako ziwe mbele sokoni kwa ubora na ufanisi.<\/p>  <h2 class=\"wp-block-heading\" id=\"h-main-product\">Huvudprodukt<\/h2>  <p class=\"wp-block-paragraph\">Bidhaa kuu za Taizy ni pamoja na: mashine za kufungua maganda, mashine za kukoboa, mashine za kuchoma, viyeyushaji, mashine za kugawa, na mashine nyingine za usindikaji wa karanga moja kwa moja. Zaidi ya hayo, pia tunatoa mistari mikubwa ya uzalishaji wa usindikaji wa karanga. Malighafi kuu zinazotumika ni karanga, almondi, maharagwe ya kakao, walnuts, cashew, hazelnuts, nazi, na malighafi nyingine.<\/p>  <h2 class=\"wp-block-heading\" id=\"h-business-philosophy\">Aff\u00e4rsfilosofi<\/h2>  <p class=\"wp-block-paragraph\">Vi har alltid insisterat p\u00e5 kundcentrering, med fokus p\u00e5 att tillhandah\u00e5lla h\u00f6gkvalitativa maskiner. Med utm\u00e4rkt produktkvalitet, avancerad teknik och stark styrka har v\u00e5rt f\u00f6retag \u00f6ppnat marknader i m\u00e5nga l\u00e4nder runt om i v\u00e4rlden, vunnit enh\u00e4llig ber\u00f6m fr\u00e5n kunder och gett goda ekonomiska och sociala f\u00f6rdelar till kunder.<\/p>  <h2 class=\"wp-block-heading\" id=\"h-service-and-guarantee\">Tj\u00e4nst och Garanti<\/h2>  <p class=\"wp-block-paragraph\">Tunawapa wateja huduma kamili kabla ya mauzo, wakati wa mauzo, na baada ya mauzo. Kabla ya mauzo, tutakuwa na wauzaji wenye taaluma kuzungumza nawe ili kuelewa mahitaji yako, kuandaa mpango wa uzalishaji kwa ajili yako, na kutoa nukuu. Wakati wa mauzo, tutakuarifu hali ya uzalishaji kwa wakati halisi. Baada ya mauzo, tutatatua matatizo ya uzalishaji kwako kwa haraka na ujuzi wa hali ya juu.<\/p> <h2>Kwa Nini Uchague Taizy?<\/h2> <p>Mazingira ya chapa, uzoefu wa kina: Taizy inalenga tu mashine za chakula. Timu yetu ya wahandisi ina ujuzi wa kina wa tabia ya usindikaji ya aina mbalimbali za karanga, ikituwezesha kutoa suluhisho za kiufundi za kitaalamu zaidi.<\/p> <p>Suluhisho la maeneo yote: kutoka ushauri wa awali na ubunifu wa kiwanda hadi utengenezaji, usakinishaji, na mafunzo, tunatoa huduma ya turnkey isiyo na mshono inayorahisisha uzinduzi wa mradi wako.<\/p> <p>Uwajibikaji kwa usalama wa chakula: tunafahamu viwango vya tasnia ya chakula. Vifaa vyetu vyote vimejengwa kwa chuma cha pua kinachokubalika kwa chakula na vimeundwa kwa ajili ya usafi na utunzaji rahisi, kuhakikisha uzalishaji wako unakidhi viwango vya juu vya usafi.<\/p> <p>Mafanikio yako ni shauku yetu inayotuchochea.<\/p> <p>Tunatarajia kuwekeza nguvu kwenye ukuaji wa biashara yako. Wasiliana na timu ya wataalamu ya Taizy leo ili uanze safari yako ya usindikaji wa karanga kwa ufanisi.<\/p> \t\t\t\t\t\t\t\t<\/div> \t\t\t\t\t<\/div> \t\t<\/div> \t\t\t\t\t<\/div> \t\t<\/section> \t\t\t\t<\/div>","protected":false},"excerpt":{"rendered":"<p>Main product Taizy&#8217;s main products include: shelling machine, peeling machine, roasting machine, dehydrator, grading machine, and other single-nut processing machines. Moreover, we also provide large nut processing production lines. The main applicable raw materials are peanuts, almonds, cocoa beans, walnuts, cashews, hazelnuts, palm, and other raw materials. Business philosophy We have always insisted on customer-centric, [&hellip;]<\/p>\n","protected":false},"author":1,"featured_media":308,"parent":0,"menu_order":0,"comment_status":"closed","ping_status":"closed","template":"","meta":{"_crdt_document":"","footnotes":""},"class_list":["post-198","page","type-page","status-publish","has-post-thumbnail","hentry"],"_links":{"self":[{"href":"https:\/\/nuts-machine.com\/sw\/wp-json\/wp\/v2\/pages\/198","targetHints":{"allow":["GET"]}}],"collection":[{"href":"https:\/\/nuts-machine.com\/sw\/wp-json\/wp\/v2\/pages"}],"about":[{"href":"https:\/\/nuts-machine.com\/sw\/wp-json\/wp\/v2\/types\/page"}],"author":[{"embeddable":true,"href":"https:\/\/nuts-machine.com\/sw\/wp-json\/wp\/v2\/users\/1"}],"replies":[{"embeddable":true,"href":"https:\/\/nuts-machine.com\/sw\/wp-json\/wp\/v2\/comments?post=198"}],"version-history":[{"count":0,"href":"https:\/\/nuts-machine.com\/sw\/wp-json\/wp\/v2\/pages\/198\/revisions"}],"wp:featuredmedia":[{"embeddable":true,"href":"https:\/\/nuts-machine.com\/sw\/wp-json\/wp\/v2\/media\/308"}],"wp:attachment":[{"href":"https:\/\/nuts-machine.com\/sw\/wp-json\/wp\/v2\/media?parent=198"}],"curies":[{"name":"wp","href":"https:\/\/api.w.org\/{rel}","templated":true}]}}