{"id":198,"date":"2020-10-17T08:45:40","date_gmt":"2020-10-17T08:45:40","guid":{"rendered":"https:\/\/nuts-machine.com\/?page_id=198"},"modified":"2025-09-15T18:18:29","modified_gmt":"2025-09-15T10:18:29","slug":"about-us","status":"publish","type":"page","link":"https:\/\/nuts-machine.com\/pt\/about-us\/","title":{"rendered":"Sobre n\u00f3s"},"content":{"rendered":"<div data-elementor-type=\"wp-page\" data-elementor-id=\"198\" class=\"elementor elementor-198\" data-elementor-post-type=\"page\"> \t\t\t\t\t\t<section class=\"elementor-section elementor-top-section elementor-element elementor-element-485cc05c elementor-section-boxed elementor-section-height-default elementor-section-height-default\" data-id=\"485cc05c\" data-element_type=\"section\" data-e-type=\"section\"> \t\t\t\t\t\t<div class=\"elementor-container elementor-column-gap-default\"> \t\t\t\t\t<div class=\"elementor-column elementor-col-100 elementor-top-column elementor-element elementor-element-1e6d913\" data-id=\"1e6d913\" data-element_type=\"column\" data-e-type=\"column\"> \t\t\t<div class=\"elementor-widget-wrap elementor-element-populated\"> \t\t\t\t\t\t<div class=\"elementor-element elementor-element-70b05311 elementor-widget elementor-widget-text-editor\" data-id=\"70b05311\" data-element_type=\"widget\" data-e-type=\"widget\" data-widget_type=\"text-editor.default\"> \t\t\t\t\t\t\t\t\t <div class=\"wp-block-image\"> <figure class=\"aligncenter size-large\"><img fetchpriority=\"high\" decoding=\"async\" width=\"491\" height=\"220\" class=\"wp-image-308\" src=\"https:\/\/nuts-machine.com\/wp-content\/uploads\/2020\/10\/123.jpg\" alt=\"\" srcset=\"https:\/\/nuts-machine.com\/wp-content\/uploads\/2020\/10\/123.jpg 491w, https:\/\/nuts-machine.com\/wp-content\/uploads\/2020\/10\/123-300x134.jpg 300w\" sizes=\"(max-width: 491px) 100vw, 491px\" \/><\/figure> <\/div> <p>Bem-vindo \u00e0 Zhengzhou Taizy Machinery Equipment Co., Ltd.! Somos um fornecedor global l\u00edder de maquinaria especializada e solu\u00e7\u00f5es integradas para a ind\u00fastria de processamento de oleaginosas, comprometidos em trazer inova\u00e7\u00e3o e efici\u00eancia ao seu neg\u00f3cio.<\/p> <p>A Taizy \u00e9 o fornecedor alimentar de excel\u00eancia. Herdamos a heran\u00e7a de mais de uma d\u00e9cada de excel\u00eancia em fabrico e vis\u00e3o global da nossa empresa-m\u00e3e, canalizando essa experi\u00eancia diretamente para o campo especializado do processamento de oleaginosas. O nosso objetivo \u00e9 fornecer aos clientes em todo o mundo solu\u00e7\u00f5es abrangentes, do campo ao prateleira.<\/p> <p>A nossa miss\u00e3o \u00e9: \u201cMaximizar o valor de cada oleaginosa atrav\u00e9s de tecnologia superior de processamento alimentar.\u201d<\/p> <p>De amendoins e am\u00eandoas a cajus e nozes, as nossas linhas de produto cobrem todo o fluxo de processamento: descasque, torrefac\u00e7\u00e3o, remo\u00e7\u00e3o da pele, moagem, fatiagem, tempero e embalagem. N\u00e3o s\u00f3 fornecemos m\u00e1quinas individuais de alto desempenho como tamb\u00e9m nos destacamos na conce\u00e7\u00e3o de linhas de produ\u00e7\u00e3o automatizadas e personalizadas adaptadas \u00e0 sua capacidade e requisitos de processamento espec\u00edficos, garantindo que os seus produtos liderem o mercado em qualidade e efici\u00eancia.<\/p>  <h2 class=\"wp-block-heading\" id=\"h-main-product\">Produto principal<\/h2>  <p class=\"wp-block-paragraph\">Os principais produtos da Taizy incluem: m\u00e1quina de descasque, m\u00e1quina de descascar, m\u00e1quina de torrar, desidratador, m\u00e1quina de classifica\u00e7\u00e3o e outras m\u00e1quinas de processamento de oleaginosas individuais. Al\u00e9m disso, tamb\u00e9m fornecemos linhas de produ\u00e7\u00e3o para processamento em grande escala. As principais mat\u00e9rias-primas aplic\u00e1veis s\u00e3o amendoins, am\u00eandoas, gr\u00e3os de cacau, nozes, cajus, avel\u00e3s, palma e outras mat\u00e9rias-primas.<\/p>  <h2 class=\"wp-block-heading\" id=\"h-business-philosophy\">Filosofia de neg\u00f3cios<\/h2>  <p class=\"wp-block-paragraph\">Sempre insistimos em ser centrados no cliente, com foco no fornecimento de m\u00e1quinas de alta qualidade. Com excelente qualidade de produto, tecnologia avan\u00e7ada e forte resist\u00eancia, nossa empresa abriu mercados em muitos pa\u00edses ao redor do mundo, ganhou elogios un\u00e2nimes dos clientes e trouxe bons benef\u00edcios econ\u00f4micos e sociais aos clientes.<\/p>  <h2 class=\"wp-block-heading\" id=\"h-service-and-guarantee\">Servi\u00e7o e Garantia<\/h2>  <p class=\"wp-block-paragraph\">Oferecemos aos clientes uma gama completa de servi\u00e7os pr\u00e9-venda, venda e p\u00f3s-venda. Antes da venda, teremos pessoal de vendas profissional para negociar consigo, perceber as suas necessidades, formular um plano de produ\u00e7\u00e3o e fornecer um or\u00e7amento. Durante a venda, informaremos sobre a situa\u00e7\u00e3o da produ\u00e7\u00e3o em tempo real. No p\u00f3s-venda, resolveremos os problemas de produ\u00e7\u00e3o com rapidez e tecnologia de alta qualidade.<\/p> <h2>Porque escolher a Taizy?<\/h2> <p>Foco na Marca, Experi\u00eancia Profunda: O foco exclusivo da Taizy \u00e9 em maquinaria alimentar. A nossa equipa de engenheiros possui um conhecimento profundo das caracter\u00edsticas de processamento de v\u00e1rias oleaginosas, permitindo-nos fornecer as solu\u00e7\u00f5es t\u00e9cnicas mais profissionais.<\/p> <p>Solu\u00e7\u00e3o \u00fanica: desde a consulta inicial e projecto da f\u00e1brica \u00e0 fabrica\u00e7\u00e3o, instala\u00e7\u00e3o e forma\u00e7\u00e3o, oferecemos um servi\u00e7o chave-na-m\u00e3o cont\u00ednuo que simplifica o lan\u00e7amento do seu projecto.<\/p> <p>Compromisso com a seguran\u00e7a alimentar: conhecemos os padr\u00f5es da ind\u00fastria alimentar. Todo o nosso equipamento \u00e9 fabricado em a\u00e7o inoxid\u00e1vel de qualidade alimentar e projetado para facilitar a limpeza e a manuten\u00e7\u00e3o, garantindo que a sua produ\u00e7\u00e3o cumpra os mais altos padr\u00f5es de higiene.<\/p> <p>O seu sucesso \u00e9 a nossa paix\u00e3o motriz.<\/p> <p>Aguardamos com expectativa impulsionar o crescimento do seu neg\u00f3cio. Contacte hoje a equipa de especialistas da Taizy para iniciar a sua jornada no processamento eficiente de oleaginosas.<\/p> \t\t\t\t\t\t\t\t<\/div> \t\t\t\t\t<\/div> \t\t<\/div> \t\t\t\t\t<\/div> \t\t<\/section> \t\t\t\t<\/div>","protected":false},"excerpt":{"rendered":"<p>Main product Taizy&#8217;s main products include: shelling machine, peeling machine, roasting machine, dehydrator, grading machine, and other single-nut processing machines. Moreover, we also provide large nut processing production lines. The main applicable raw materials are peanuts, almonds, cocoa beans, walnuts, cashews, hazelnuts, palm, and other raw materials. Business philosophy We have always insisted on customer-centric, [&hellip;]<\/p>\n","protected":false},"author":1,"featured_media":308,"parent":0,"menu_order":0,"comment_status":"closed","ping_status":"closed","template":"","meta":{"_crdt_document":"","footnotes":""},"class_list":["post-198","page","type-page","status-publish","has-post-thumbnail","hentry"],"_links":{"self":[{"href":"https:\/\/nuts-machine.com\/pt\/wp-json\/wp\/v2\/pages\/198","targetHints":{"allow":["GET"]}}],"collection":[{"href":"https:\/\/nuts-machine.com\/pt\/wp-json\/wp\/v2\/pages"}],"about":[{"href":"https:\/\/nuts-machine.com\/pt\/wp-json\/wp\/v2\/types\/page"}],"author":[{"embeddable":true,"href":"https:\/\/nuts-machine.com\/pt\/wp-json\/wp\/v2\/users\/1"}],"replies":[{"embeddable":true,"href":"https:\/\/nuts-machine.com\/pt\/wp-json\/wp\/v2\/comments?post=198"}],"version-history":[{"count":0,"href":"https:\/\/nuts-machine.com\/pt\/wp-json\/wp\/v2\/pages\/198\/revisions"}],"wp:featuredmedia":[{"embeddable":true,"href":"https:\/\/nuts-machine.com\/pt\/wp-json\/wp\/v2\/media\/308"}],"wp:attachment":[{"href":"https:\/\/nuts-machine.com\/pt\/wp-json\/wp\/v2\/media?parent=198"}],"curies":[{"name":"wp","href":"https:\/\/api.w.org\/{rel}","templated":true}]}}