{"id":198,"date":"2020-10-17T08:45:40","date_gmt":"2020-10-17T08:45:40","guid":{"rendered":"https:\/\/nuts-machine.com\/?page_id=198"},"modified":"2025-09-15T18:18:29","modified_gmt":"2025-09-15T10:18:29","slug":"about-us","status":"publish","type":"page","link":"https:\/\/nuts-machine.com\/fr\/about-us\/","title":{"rendered":"\u00c0 propos de nous"},"content":{"rendered":"<div data-elementor-type=\"wp-page\" data-elementor-id=\"198\" class=\"elementor elementor-198\" data-elementor-post-type=\"page\"> \t\t\t\t\t\t<section class=\"elementor-section elementor-top-section elementor-element elementor-element-485cc05c elementor-section-boxed elementor-section-height-default elementor-section-height-default\" data-id=\"485cc05c\" data-element_type=\"section\" data-e-type=\"section\"> \t\t\t\t\t\t<div class=\"elementor-container elementor-column-gap-default\"> \t\t\t\t\t<div class=\"elementor-column elementor-col-100 elementor-top-column elementor-element elementor-element-1e6d913\" data-id=\"1e6d913\" data-element_type=\"column\" data-e-type=\"column\"> \t\t\t<div class=\"elementor-widget-wrap elementor-element-populated\"> \t\t\t\t\t\t<div class=\"elementor-element elementor-element-70b05311 elementor-widget elementor-widget-text-editor\" data-id=\"70b05311\" data-element_type=\"widget\" data-e-type=\"widget\" data-widget_type=\"text-editor.default\"> \t\t\t\t\t\t\t\t\t <div class=\"wp-block-image\"> <figure class=\"aligncenter size-large\"><img fetchpriority=\"high\" decoding=\"async\" width=\"491\" height=\"220\" class=\"wp-image-308\" src=\"https:\/\/nuts-machine.com\/wp-content\/uploads\/2020\/10\/123.jpg\" alt=\"\" srcset=\"https:\/\/nuts-machine.com\/wp-content\/uploads\/2020\/10\/123.jpg 491w, https:\/\/nuts-machine.com\/wp-content\/uploads\/2020\/10\/123-300x134.jpg 300w\" sizes=\"(max-width: 491px) 100vw, 491px\" \/><\/figure> <\/div> <p>Bienvenue chez Zhengzhou Taizy Machinery Equipment Co., Ltd.! Nous sommes un fournisseur mondial de premier plan de machines sp\u00e9cialis\u00e9es et de solutions int\u00e9gr\u00e9es pour l'industrie de la transformation des noix, engag\u00e9 \u00e0 apporter innovation et efficacit\u00e9 \u00e0 votre entreprise.<\/p> <p>Taizy est le fournisseur alimentaire de premier plan. Nous h\u00e9ritons de la longue tradition d'excellence manufacturi\u00e8re et de la vision mondiale de notre soci\u00e9t\u00e9 m\u00e8re depuis plus d'une d\u00e9cennie, canalisant cette expertise directement dans le domaine sp\u00e9cialis\u00e9 du traitement des noix. Notre objectif est de fournir aux clients du monde entier des solutions compl\u00e8tes, de la ferme \u00e0 l'\u00e9tag\u00e8re.<\/p> <p>Notre mission est : \u00ab Maximiser la valeur de chaque noix gr\u00e2ce \u00e0 une technologie de transformation alimentaire sup\u00e9rieure. \u00bb<\/p> <p>Des cacahu\u00e8tes et amandes aux noix de cajou et noix, nos gammes de produits couvrent l'ensemble du flux de transformation : d\u00e9corticage, torr\u00e9faction, \u00e9pluchage, broyage, tranchage, assaisonnement et emballage. Nous fournissons non seulement des machines individuelles \u00e0 haute performance, mais excellons \u00e9galement dans la conception de lignes de production automatis\u00e9es sur mesure adapt\u00e9es \u00e0 votre capacit\u00e9 et \u00e0 vos exigences de traitement, garantissant que vos produits dominent le march\u00e9 tant par la qualit\u00e9 que par l'efficacit\u00e9.<\/p>  <h2 class=\"wp-block-heading\" id=\"h-main-product\">Produit principal<\/h2>  <p class=\"wp-block-paragraph\">Les principaux produits de Taizy comprennent : machine \u00e0 d\u00e9cortiquer, machine \u00e0 \u00e9plucher, machine \u00e0 r\u00f4tir, d\u00e9shydrateur, trieuse et autres machines de transformation pour fruits \u00e0 coque individuels. De plus, nous fournissons \u00e9galement de grandes lignes de production pour la transformation des fruits \u00e0 coque. Les principales mati\u00e8res premi\u00e8res applicables sont les cacahu\u00e8tes, amandes, f\u00e8ves de cacao, noix, noix de cajou, noisettes, palmier et autres mati\u00e8res premi\u00e8res.<\/p>  <h2 class=\"wp-block-heading\" id=\"h-business-philosophy\">Philosophie d'entreprise<\/h2>  <p class=\"wp-block-paragraph\">Nous avons toujours insist\u00e9 sur une approche centr\u00e9e sur le client, en nous concentrant sur la fourniture de machines de haute qualit\u00e9. Avec une excellente qualit\u00e9 de produits, une technologie de pointe et une forte force, notre soci\u00e9t\u00e9 a ouvert des march\u00e9s dans de nombreux pays du monde, a remport\u00e9 les \u00e9loges unanimes des clients et a apport\u00e9 de bons avantages \u00e9conomiques et sociaux aux clients.<\/p>  <h2 class=\"wp-block-heading\" id=\"h-service-and-guarantee\">Service et garantie<\/h2>  <p class=\"wp-block-paragraph\">Nous offrons aux clients une gamme compl\u00e8te de services avant-vente, vente et apr\u00e8s-vente. Avant la vente, notre personnel commercial professionnel n\u00e9gociera avec vous pour comprendre vos besoins, \u00e9laborer un plan de production pour vous et fournir un devis. Pendant la vente, nous vous informerons en temps r\u00e9el de la situation de production. Apr\u00e8s-vente, nous r\u00e9soudrons les probl\u00e8mes de production pour vous avec rapidit\u00e9 et technologie de haute qualit\u00e9.<\/p> <h2>Pourquoi choisir Taizy ?<\/h2> <p>Focalisation sur la marque, exp\u00e9rience approfondie : Taizy se concentre exclusivement sur la machinerie alimentaire. Notre \u00e9quipe d'ing\u00e9nieurs poss\u00e8de une connaissance approfondie des caract\u00e9ristiques de transformation des diff\u00e9rentes noix, ce qui nous permet de fournir les solutions techniques les plus professionnelles.<\/p> <p>Solution cl\u00e9 en main : de la consultation initiale et la conception de l'usine \u00e0 la fabrication, l'installation et la formation, nous offrons un service int\u00e9gr\u00e9 qui simplifie le lancement de votre projet.<\/p> <p>Engagement envers la s\u00e9curit\u00e9 alimentaire : nous connaissons les normes de l'industrie alimentaire. Tout notre \u00e9quipement est construit en acier inoxydable de qualit\u00e9 alimentaire et con\u00e7u pour un nettoyage et une maintenance faciles, garantissant que votre production respecte les normes d'hygi\u00e8ne les plus strictes.<\/p> <p>Votre succ\u00e8s est notre passion motrice.<\/p> <p>Nous sommes impatients de dynamiser la croissance de votre entreprise. Contactez d\u00e8s aujourd'hui l'\u00e9quipe d'experts Taizy pour commencer votre parcours vers une transformation efficace des noix.<\/p> \t\t\t\t\t\t\t\t<\/div> \t\t\t\t\t<\/div> \t\t<\/div> \t\t\t\t\t<\/div> \t\t<\/section> \t\t\t\t<\/div>","protected":false},"excerpt":{"rendered":"<p>Main product Taizy&#8217;s main products include: shelling machine, peeling machine, roasting machine, dehydrator, grading machine, and other single-nut processing machines. Moreover, we also provide large nut processing production lines. The main applicable raw materials are peanuts, almonds, cocoa beans, walnuts, cashews, hazelnuts, palm, and other raw materials. Business philosophy We have always insisted on customer-centric, [&hellip;]<\/p>\n","protected":false},"author":1,"featured_media":308,"parent":0,"menu_order":0,"comment_status":"closed","ping_status":"closed","template":"","meta":{"_crdt_document":"","footnotes":""},"class_list":["post-198","page","type-page","status-publish","has-post-thumbnail","hentry"],"_links":{"self":[{"href":"https:\/\/nuts-machine.com\/fr\/wp-json\/wp\/v2\/pages\/198","targetHints":{"allow":["GET"]}}],"collection":[{"href":"https:\/\/nuts-machine.com\/fr\/wp-json\/wp\/v2\/pages"}],"about":[{"href":"https:\/\/nuts-machine.com\/fr\/wp-json\/wp\/v2\/types\/page"}],"author":[{"embeddable":true,"href":"https:\/\/nuts-machine.com\/fr\/wp-json\/wp\/v2\/users\/1"}],"replies":[{"embeddable":true,"href":"https:\/\/nuts-machine.com\/fr\/wp-json\/wp\/v2\/comments?post=198"}],"version-history":[{"count":0,"href":"https:\/\/nuts-machine.com\/fr\/wp-json\/wp\/v2\/pages\/198\/revisions"}],"wp:featuredmedia":[{"embeddable":true,"href":"https:\/\/nuts-machine.com\/fr\/wp-json\/wp\/v2\/media\/308"}],"wp:attachment":[{"href":"https:\/\/nuts-machine.com\/fr\/wp-json\/wp\/v2\/media?parent=198"}],"curies":[{"name":"wp","href":"https:\/\/api.w.org\/{rel}","templated":true}]}}