{"id":198,"date":"2020-10-17T08:45:40","date_gmt":"2020-10-17T08:45:40","guid":{"rendered":"https:\/\/nuts-machine.com\/?page_id=198"},"modified":"2025-09-15T18:18:29","modified_gmt":"2025-09-15T10:18:29","slug":"about-us","status":"publish","type":"page","link":"https:\/\/nuts-machine.com\/es\/about-us\/","title":{"rendered":"Sobre nosotros"},"content":{"rendered":"<div data-elementor-type=\"wp-page\" data-elementor-id=\"198\" class=\"elementor elementor-198\" data-elementor-post-type=\"page\"> \t\t\t\t\t\t<section class=\"elementor-section elementor-top-section elementor-element elementor-element-485cc05c elementor-section-boxed elementor-section-height-default elementor-section-height-default\" data-id=\"485cc05c\" data-element_type=\"section\" data-e-type=\"section\"> \t\t\t\t\t\t<div class=\"elementor-container elementor-column-gap-default\"> \t\t\t\t\t<div class=\"elementor-column elementor-col-100 elementor-top-column elementor-element elementor-element-1e6d913\" data-id=\"1e6d913\" data-element_type=\"column\" data-e-type=\"column\"> \t\t\t<div class=\"elementor-widget-wrap elementor-element-populated\"> \t\t\t\t\t\t<div class=\"elementor-element elementor-element-70b05311 elementor-widget elementor-widget-text-editor\" data-id=\"70b05311\" data-element_type=\"widget\" data-e-type=\"widget\" data-widget_type=\"text-editor.default\"> \t\t\t\t\t\t\t\t\t <div class=\"wp-block-image\"> <figure class=\"aligncenter size-large\"><img fetchpriority=\"high\" decoding=\"async\" width=\"491\" height=\"220\" class=\"wp-image-308\" src=\"https:\/\/nuts-machine.com\/wp-content\/uploads\/2020\/10\/123.jpg\" alt=\"\" srcset=\"https:\/\/nuts-machine.com\/wp-content\/uploads\/2020\/10\/123.jpg 491w, https:\/\/nuts-machine.com\/wp-content\/uploads\/2020\/10\/123-300x134.jpg 300w\" sizes=\"(max-width: 491px) 100vw, 491px\" \/><\/figure> <\/div> <p>\u00a1Bienvenido a Zhengzhou Taizy Machinery Equipment Co., Ltd.! Somos un proveedor global l\u00edder de maquinaria especializada y soluciones integradas para la industria del procesado de frutos secos, comprometidos a aportar innovaci\u00f3n y eficiencia a su negocio.<\/p> <p>Taizy es el proveedor alimentario por excelencia. Heredamos la trayectoria de m\u00e1s de una d\u00e9cada de excelencia manufacturera y visi\u00f3n global de nuestra empresa matriz, canalizando esta experiencia directamente al campo especializado del procesado de frutos secos. Nuestro objetivo es ofrecer soluciones integrales a clientes de todo el mundo, desde la explotaci\u00f3n hasta el estante.<\/p> <p>Nuestra misi\u00f3n es: \u201cMaximizar el valor de cada fruto seco mediante una tecnolog\u00eda superior de procesado alimentario.\u201d<\/p> <p>Desde cacahuetes y almendras hasta anacardos y nueces, nuestras l\u00edneas de productos cubren todo el flujo de trabajo de procesado: descascarillado, tostado, pelado, molienda, corte, sazonado y envasado. No solo suministramos m\u00e1quinas individuales de alto rendimiento, sino que tambi\u00e9n destacamos en el dise\u00f1o de l\u00edneas de producci\u00f3n automatizadas y a medida, adaptadas a su capacidad y requisitos de procesado espec\u00edficos, garantizando que sus productos lideren el mercado en calidad y eficiencia.<\/p>  <h2 class=\"wp-block-heading\" id=\"h-main-product\">Producto principal<\/h2>  <p class=\"wp-block-paragraph\">Los principales productos de Taizy incluyen: m\u00e1quina de descascarillado, m\u00e1quina peladora, m\u00e1quina de tostado, deshidratador, m\u00e1quina clasificadora y otras m\u00e1quinas para el procesado de frutos secos individuales. Adem\u00e1s, tambi\u00e9n proporcionamos l\u00edneas de producci\u00f3n para el procesado a gran escala de frutos secos. Las principales materias primas aplicables son cacahuetes, almendras, granos de cacao, nueces, anacardos, avellanas, palma y otras materias primas.<\/p>  <h2 class=\"wp-block-heading\" id=\"h-business-philosophy\">Filosof\u00eda empresarial<\/h2>  <p class=\"wp-block-paragraph\">Siempre hemos insistido en centrarnos en el cliente, centr\u00e1ndonos en proporcionar m\u00e1quinas de alta calidad. Con una excelente calidad de producto, tecnolog\u00eda avanzada y una gran solidez, nuestra empresa ha abierto mercados en muchos pa\u00edses del mundo, ha obtenido elogios un\u00e1nimes de los clientes y ha aportado buenos beneficios econ\u00f3micos y sociales a los clientes.<\/p>  <h2 class=\"wp-block-heading\" id=\"h-service-and-guarantee\">Servicio y Garant\u00eda<\/h2>  <p class=\"wp-block-paragraph\">Ofrecemos a los clientes una gama completa de servicios de preventa, venta y posventa. Antes de la venta, contaremos con personal de ventas profesional para negociar con usted, comprender sus necesidades, elaborar un plan de producci\u00f3n y proporcionar un presupuesto. Durante la venta, le informaremos en tiempo real sobre la situaci\u00f3n de la producci\u00f3n. En posventa, resolveremos los problemas de producci\u00f3n con rapidez y tecnolog\u00eda de alta calidad.<\/p> <h2>\u00bfPor qu\u00e9 elegir Taizy?<\/h2> <p>Enfoque de marca, amplia experiencia: el \u00fanico foco de Taizy es la maquinaria alimentaria. Nuestro equipo de ingenieros posee un profundo conocimiento de las caracter\u00edsticas de procesado de diversos frutos secos, lo que nos permite ofrecer las soluciones t\u00e9cnicas m\u00e1s profesionales.<\/p> <p>Soluci\u00f3n integral: desde la consulta inicial y el dise\u00f1o de la planta hasta la fabricaci\u00f3n, la instalaci\u00f3n y la formaci\u00f3n, ofrecemos un servicio llave en mano sin interrupciones que simplifica el lanzamiento de su proyecto.<\/p> <p>Compromiso con la seguridad alimentaria: conocemos las normas de la industria alimentaria. Todo nuestro equipo est\u00e1 fabricado con acero inoxidable apto para alimentos y dise\u00f1ado para una limpieza y mantenimiento sencillos, garantizando que su producci\u00f3n cumpla con los m\u00e1s altos est\u00e1ndares de higiene.<\/p> <p>Su \u00e9xito es nuestra pasi\u00f3n impulsora.<\/p> <p>Esperamos impulsar el crecimiento de su negocio. P\u00f3ngase en contacto con el equipo de expertos de Taizy hoy mismo para comenzar su camino hacia un procesado eficiente de frutos secos.<\/p> \t\t\t\t\t\t\t\t<\/div> \t\t\t\t\t<\/div> \t\t<\/div> \t\t\t\t\t<\/div> \t\t<\/section> \t\t\t\t<\/div>","protected":false},"excerpt":{"rendered":"<p>Main product Taizy&#8217;s main products include: shelling machine, peeling machine, roasting machine, dehydrator, grading machine, and other single-nut processing machines. Moreover, we also provide large nut processing production lines. The main applicable raw materials are peanuts, almonds, cocoa beans, walnuts, cashews, hazelnuts, palm, and other raw materials. Business philosophy We have always insisted on customer-centric, [&hellip;]<\/p>\n","protected":false},"author":1,"featured_media":308,"parent":0,"menu_order":0,"comment_status":"closed","ping_status":"closed","template":"","meta":{"_crdt_document":"","footnotes":""},"class_list":["post-198","page","type-page","status-publish","has-post-thumbnail","hentry"],"_links":{"self":[{"href":"https:\/\/nuts-machine.com\/es\/wp-json\/wp\/v2\/pages\/198","targetHints":{"allow":["GET"]}}],"collection":[{"href":"https:\/\/nuts-machine.com\/es\/wp-json\/wp\/v2\/pages"}],"about":[{"href":"https:\/\/nuts-machine.com\/es\/wp-json\/wp\/v2\/types\/page"}],"author":[{"embeddable":true,"href":"https:\/\/nuts-machine.com\/es\/wp-json\/wp\/v2\/users\/1"}],"replies":[{"embeddable":true,"href":"https:\/\/nuts-machine.com\/es\/wp-json\/wp\/v2\/comments?post=198"}],"version-history":[{"count":0,"href":"https:\/\/nuts-machine.com\/es\/wp-json\/wp\/v2\/pages\/198\/revisions"}],"wp:featuredmedia":[{"embeddable":true,"href":"https:\/\/nuts-machine.com\/es\/wp-json\/wp\/v2\/media\/308"}],"wp:attachment":[{"href":"https:\/\/nuts-machine.com\/es\/wp-json\/wp\/v2\/media?parent=198"}],"curies":[{"name":"wp","href":"https:\/\/api.w.org\/{rel}","templated":true}]}}