{"id":198,"date":"2020-10-17T08:45:40","date_gmt":"2020-10-17T08:45:40","guid":{"rendered":"https:\/\/nuts-machine.com\/?page_id=198"},"modified":"2025-09-15T18:18:29","modified_gmt":"2025-09-15T10:18:29","slug":"about-us","status":"publish","type":"page","link":"https:\/\/nuts-machine.com\/de\/about-us\/","title":{"rendered":"\u00dcber uns"},"content":{"rendered":"<div data-elementor-type=\"wp-page\" data-elementor-id=\"198\" class=\"elementor elementor-198\" data-elementor-post-type=\"page\"> \t\t\t\t\t\t<section class=\"elementor-section elementor-top-section elementor-element elementor-element-485cc05c elementor-section-boxed elementor-section-height-default elementor-section-height-default\" data-id=\"485cc05c\" data-element_type=\"section\" data-e-type=\"section\"> \t\t\t\t\t\t<div class=\"elementor-container elementor-column-gap-default\"> \t\t\t\t\t<div class=\"elementor-column elementor-col-100 elementor-top-column elementor-element elementor-element-1e6d913\" data-id=\"1e6d913\" data-element_type=\"column\" data-e-type=\"column\"> \t\t\t<div class=\"elementor-widget-wrap elementor-element-populated\"> \t\t\t\t\t\t<div class=\"elementor-element elementor-element-70b05311 elementor-widget elementor-widget-text-editor\" data-id=\"70b05311\" data-element_type=\"widget\" data-e-type=\"widget\" data-widget_type=\"text-editor.default\"> \t\t\t\t\t\t\t\t\t <div class=\"wp-block-image\"> <figure class=\"aligncenter size-large\"><img fetchpriority=\"high\" decoding=\"async\" width=\"491\" height=\"220\" class=\"wp-image-308\" src=\"https:\/\/nuts-machine.com\/wp-content\/uploads\/2020\/10\/123.jpg\" alt=\"\" srcset=\"https:\/\/nuts-machine.com\/wp-content\/uploads\/2020\/10\/123.jpg 491w, https:\/\/nuts-machine.com\/wp-content\/uploads\/2020\/10\/123-300x134.jpg 300w\" sizes=\"(max-width: 491px) 100vw, 491px\" \/><\/figure> <\/div> <p>Willkommen bei Zhengzhou Taizy Machinery Equipment Co., Ltd.! Wir sind ein weltweit f\u00fchrender Anbieter von spezialisierten Maschinen und integrierten L\u00f6sungen f\u00fcr die Nussverarbeitungsindustrie und setzen uns daf\u00fcr ein, Ihrem Unternehmen Innovation und Effizienz zu bringen.<\/p> <p>Taizy ist der f\u00fchrende Lebensmittelzulieferer. Wir erben das mehr als zehnj\u00e4hrige Verm\u00e4chtnis unseres Mutterunternehmens in Fertigungsqualit\u00e4t und globaler Vision und leiten dieses Know\u2011how direkt in das spezialisierte Gebiet der Nussverarbeitung. Unser Ziel ist es, Kunden weltweit umfassende L\u00f6sungen anzubieten, von der Farm bis ins Regal.<\/p> <p>Unsere Mission lautet: \u201eDen Wert jeder Nuss durch \u00fcberlegene Lebensmittelverarbeitungstechnologie zu maximieren.\u201c<\/p> <p>Von Erdn\u00fcssen und Mandeln bis hin zu Cashews und Waln\u00fcssen decken unsere Produktlinien den gesamten Verarbeitungsablauf ab: Sch\u00e4len, R\u00f6sten, H\u00e4uten, Mahlen, Schneiden, W\u00fcrzen und Verpacken. Wir liefern nicht nur leistungsstarke Einzelmaschinen, sondern sind auch versiert in der Entwicklung ma\u00dfgeschneiderter, automatisierter Produktionslinien, die auf Ihre spezifische Kapazit\u00e4t und Verarbeitungsanforderungen abgestimmt sind und sicherstellen, dass Ihre Produkte in Qualit\u00e4t und Effizienz marktf\u00fchrend sind.<\/p>  <h2 class=\"wp-block-heading\" id=\"h-main-product\">Hauptprodukt<\/h2>  <p class=\"wp-block-paragraph\">Die Hauptprodukte von Taizy umfassen: Sch\u00e4lmaschine, H\u00e4utmaschine, R\u00f6stmaschine, Trockner, Sortiermaschine und andere Einzelmaschinen zur Nussverarbeitung. Dar\u00fcber hinaus bieten wir auch gro\u00dfe Produktionslinien zur Nussverarbeitung an. Die wichtigsten verwendbaren Rohstoffe sind Erdn\u00fcsse, Mandeln, Kakaobohnen, Waln\u00fcsse, Cashews, Haseln\u00fcsse, Palmn\u00fcsse und andere Rohstoffe.<\/p>  <h2 class=\"wp-block-heading\" id=\"h-business-philosophy\">Unternehmensphilosophie<\/h2>  <p class=\"wp-block-paragraph\">Wir haben immer auf Kundenorientierung bestanden und konzentrieren uns darauf, hochwertige Maschinen anzubieten. Mit hervorragender Produktqualit\u00e4t, fortschrittlicher Technologie und starker St\u00e4rke hat unser Unternehmen M\u00e4rkte in vielen L\u00e4ndern der Welt erschlossen, einstimmiges Lob von Kunden erhalten und gute wirtschaftliche sowie soziale Vorteile f\u00fcr die Kunden gebracht.<\/p>  <h2 class=\"wp-block-heading\" id=\"h-service-and-guarantee\">Service und Garantie<\/h2>  <p class=\"wp-block-paragraph\">Wir bieten unseren Kunden ein vollst\u00e4ndiges Spektrum an Vorverkaufs-, Verkaufs- und After\u2011Sales\u2011Dienstleistungen. Vor dem Verkauf werden unsere professionellen Vertriebsmitarbeiter mit Ihnen verhandeln, um Ihre Bed\u00fcrfnisse zu verstehen, einen Produktionsplan f\u00fcr Sie zu erstellen und ein Angebot zu unterbreiten. W\u00e4hrend des Verkaufs informieren wir Sie in Echtzeit \u00fcber den Produktionsstatus. Nach dem Verkauf l\u00f6sen wir Produktionsprobleme f\u00fcr Sie mit hoher Geschwindigkeit und qualitativ hochwertiger Technik.<\/p> <h2>Warum Taizy w\u00e4hlen?<\/h2> <p>Markenfokus, tiefgehende Erfahrung: Taizy konzentriert sich ausschlie\u00dflich auf Lebensmittelmaschinen. Unser Ingenieurteam verf\u00fcgt \u00fcber fundiertes Wissen \u00fcber die Verarbeitungseigenschaften verschiedener N\u00fcsse, sodass wir die fachkundigsten technischen L\u00f6sungen anbieten k\u00f6nnen.<\/p> <p>One\u2011Stop\u2011L\u00f6sung: Von der Erstberatung und Anlagenplanung bis hin zu Fertigung, Installation und Schulung bieten wir einen nahtlosen schl\u00fcsselfertigen Service, der Ihren Projektstart vereinfacht.<\/p> <p>Verpflichtung zur Lebensmittelsicherheit: Wir kennen die Standards der Lebensmittelbranche. Alle unsere Anlagen werden aus lebensmittelechtem Edelstahl gefertigt und f\u00fcr einfache Reinigung und Wartung ausgelegt, sodass Ihre Produktion die h\u00f6chsten Hygienestandards erf\u00fcllt.<\/p> <p>Ihr Erfolg ist unsere treibende Leidenschaft.<\/p> <p>Wir freuen uns darauf, das Wachstum Ihres Unternehmens zu st\u00e4rken. Kontaktieren Sie noch heute das Taizy\u2011Expertenteam, um Ihre Reise in die effiziente Nussverarbeitung zu beginnen.<\/p> \t\t\t\t\t\t\t\t<\/div> \t\t\t\t\t<\/div> \t\t<\/div> \t\t\t\t\t<\/div> \t\t<\/section> \t\t\t\t<\/div>","protected":false},"excerpt":{"rendered":"<p>Main product Taizy&#8217;s main products include: shelling machine, peeling machine, roasting machine, dehydrator, grading machine, and other single-nut processing machines. Moreover, we also provide large nut processing production lines. The main applicable raw materials are peanuts, almonds, cocoa beans, walnuts, cashews, hazelnuts, palm, and other raw materials. Business philosophy We have always insisted on customer-centric, [&hellip;]<\/p>\n","protected":false},"author":1,"featured_media":308,"parent":0,"menu_order":0,"comment_status":"closed","ping_status":"closed","template":"","meta":{"_crdt_document":"","footnotes":""},"class_list":["post-198","page","type-page","status-publish","has-post-thumbnail","hentry"],"_links":{"self":[{"href":"https:\/\/nuts-machine.com\/de\/wp-json\/wp\/v2\/pages\/198","targetHints":{"allow":["GET"]}}],"collection":[{"href":"https:\/\/nuts-machine.com\/de\/wp-json\/wp\/v2\/pages"}],"about":[{"href":"https:\/\/nuts-machine.com\/de\/wp-json\/wp\/v2\/types\/page"}],"author":[{"embeddable":true,"href":"https:\/\/nuts-machine.com\/de\/wp-json\/wp\/v2\/users\/1"}],"replies":[{"embeddable":true,"href":"https:\/\/nuts-machine.com\/de\/wp-json\/wp\/v2\/comments?post=198"}],"version-history":[{"count":0,"href":"https:\/\/nuts-machine.com\/de\/wp-json\/wp\/v2\/pages\/198\/revisions"}],"wp:featuredmedia":[{"embeddable":true,"href":"https:\/\/nuts-machine.com\/de\/wp-json\/wp\/v2\/media\/308"}],"wp:attachment":[{"href":"https:\/\/nuts-machine.com\/de\/wp-json\/wp\/v2\/media?parent=198"}],"curies":[{"name":"wp","href":"https:\/\/api.w.org\/{rel}","templated":true}]}}